



{"id":62,"date":"2015-01-03T22:19:51","date_gmt":"2015-01-03T21:19:51","guid":{"rendered":"http:\/\/xml.gruppesite.dk\/?page_id=62"},"modified":"2025-08-14T12:33:31","modified_gmt":"2025-08-14T10:33:31","slug":"ulve","status":"publish","type":"page","link":"https:\/\/bryndum-gruppe.dk\/?page_id=62","title":{"rendered":"Ulv 2. &#8211; 3. klasse"},"content":{"rendered":"\n<p>Ulve g\u00e5r i 2.-3. klasse.<\/p>\n\n\n\n<p><strong>Tidspunkt:<\/strong> mandag 16:30 til 18:00<\/p>\n\n\n\n<p><strong>Kontaktperson:<\/strong> Anne +45 4224 0755<\/p>\n\n\n\n<p>Ulvene arbejder med Junglebogen som fantasiramme. I junglen l\u00e6rer ulvene igennem forskellige aktiviteter at omg\u00e5s naturen med respekt, og at samarbejde i flokken.<\/p>\n\n\n\n<p>N\u00e5r man er ulv, begynder man at kigge p\u00e5 kort, \u00f8ve knob og tr\u00e6ne andre spejderf\u00e6rdigheder. Alt foreg\u00e5r p\u00e5 et niveau, hvor alle kan v\u00e6re med, uden at have pr\u00f8vet det f\u00f8r.<\/p>\n\n\n\n<p><strong>Ulveloven<\/strong><br>Spejderloven g\u00e6lder for alle, men ulvene har ogs\u00e5 en tilpasset udgave:<\/p>\n\n\n\n<p>En ulv adlyder den gamle ulv<br>En ulv giver aldrig tabt<\/p>\n\n\n\n<p><strong>Ulvel\u00f8ftet<\/strong><br>\u201cJeg lover at g\u00f8re mit bedste for at lytte til guds ord, holde ulveloven og hver dag g\u00f8r noget for at gl\u00e6de andre.\u201d<\/p>\n","protected":false},"excerpt":{"rendered":"<p>Ulve g\u00e5r i 2.-3. klasse. Tidspunkt: mandag 16:30 til 18:00 Kontaktperson: Anne +45 4224 0755 Ulvene arbejder med Junglebogen som..<\/p>\n","protected":false},"author":674,"featured_media":0,"parent":38,"menu_order":3,"comment_status":"closed","ping_status":"closed","template":"template\/template_enhed.php","meta":{"ngg_post_thumbnail":0,"footnotes":""},"class_list":["post-62","page","type-page","status-publish","hentry"],"publishpress_future_action":{"enabled":false,"date":"2026-04-24 07:00:25","action":"change-status","newStatus":"draft","terms":[],"taxonomy":"","extraData":[]},"publishpress_future_workflow_manual_trigger":{"enabledWorkflows":[]},"_links":{"self":[{"href":"https:\/\/bryndum-gruppe.dk\/index.php?rest_route=\/wp\/v2\/pages\/62","targetHints":{"allow":["GET"]}}],"collection":[{"href":"https:\/\/bryndum-gruppe.dk\/index.php?rest_route=\/wp\/v2\/pages"}],"about":[{"href":"https:\/\/bryndum-gruppe.dk\/index.php?rest_route=\/wp\/v2\/types\/page"}],"author":[{"embeddable":true,"href":"https:\/\/bryndum-gruppe.dk\/index.php?rest_route=\/wp\/v2\/users\/674"}],"replies":[{"embeddable":true,"href":"https:\/\/bryndum-gruppe.dk\/index.php?rest_route=%2Fwp%2Fv2%2Fcomments&post=62"}],"version-history":[{"count":4,"href":"https:\/\/bryndum-gruppe.dk\/index.php?rest_route=\/wp\/v2\/pages\/62\/revisions"}],"predecessor-version":[{"id":347,"href":"https:\/\/bryndum-gruppe.dk\/index.php?rest_route=\/wp\/v2\/pages\/62\/revisions\/347"}],"up":[{"embeddable":true,"href":"https:\/\/bryndum-gruppe.dk\/index.php?rest_route=\/wp\/v2\/pages\/38"}],"wp:attachment":[{"href":"https:\/\/bryndum-gruppe.dk\/index.php?rest_route=%2Fwp%2Fv2%2Fmedia&parent=62"}],"curies":[{"name":"wp","href":"https:\/\/api.w.org\/{rel}","templated":true}]}}