



{"id":51,"date":"2015-01-03T22:08:15","date_gmt":"2015-01-03T22:08:15","guid":{"rendered":"http:\/\/xml.gruppesite.dk\/?page_id=51"},"modified":"2023-09-28T16:35:46","modified_gmt":"2023-09-28T14:35:46","slug":"praktisk","status":"publish","type":"page","link":"https:\/\/bryndum-gruppe.dk\/?page_id=51","title":{"rendered":"Praktisk"},"content":{"rendered":"<p>Pris:<\/p>\n<p>Det koster 900 kr. pr. \u00e5r at v\u00e6re medlem.<br \/>\nKontingentet d\u00e6kker materialer, leje af lokaler, m\u00e6rker til uniformen mm.<br \/>\nSom medlem er du d\u00e6kket af KFUM-Spejdernes ulykkesforsikring n\u00e5r du er til spejder.<\/p>\n<p>Alle vores voksne ledere er frivillige og ul\u00f8nnede.<br \/>\nKontingentet opkr\u00e6ves kvartalsvis.<\/p>\n<p>Hvis dit barm gerne vil v\u00e6re spejder, men pengene sm\u00e5, kan du s\u00f8ge om at f\u00e5 en friplads:<br \/>\nwww.spejdernet.dk\/friplads<\/p>\n<p>B\u00f8rneattester:<\/p>\n<p>Alle b\u00f8rne- og ungdomsorganisationer kan desv\u00e6rre komme i situationer, hvor nuv\u00e6rende eller tidligere medlemmer bliver anklaget for seksuelle kr\u00e6nkelser. Hos KFUM-Spejderne arbejder vi \u00e5bent og aktivt for at undg\u00e5 disse situationer, ved at screene vores frivillige ledere.<br \/>\nS\u00e5ledes er det et krav, at alle ledere og medhj\u00e6lpende medlemmer over 15 \u00e5r accepterer indhentning af b\u00f8rneattest fra Det Centrale Kriminalregister.<\/p>\n","protected":false},"excerpt":{"rendered":"<p>Pris: Det koster 900 kr. pr. \u00e5r at v\u00e6re medlem. Kontingentet d\u00e6kker materialer, leje af lokaler, m\u00e6rker til uniformen mm&#8230;<\/p>\n","protected":false},"author":674,"featured_media":0,"parent":49,"menu_order":0,"comment_status":"closed","ping_status":"open","template":"","meta":{"ngg_post_thumbnail":0,"footnotes":""},"class_list":["post-51","page","type-page","status-publish","hentry"],"publishpress_future_action":{"enabled":false,"date":"2026-05-07 11:57:18","action":"change-status","newStatus":"draft","terms":[],"taxonomy":"","extraData":[]},"publishpress_future_workflow_manual_trigger":{"enabledWorkflows":[]},"_links":{"self":[{"href":"https:\/\/bryndum-gruppe.dk\/index.php?rest_route=\/wp\/v2\/pages\/51","targetHints":{"allow":["GET"]}}],"collection":[{"href":"https:\/\/bryndum-gruppe.dk\/index.php?rest_route=\/wp\/v2\/pages"}],"about":[{"href":"https:\/\/bryndum-gruppe.dk\/index.php?rest_route=\/wp\/v2\/types\/page"}],"author":[{"embeddable":true,"href":"https:\/\/bryndum-gruppe.dk\/index.php?rest_route=\/wp\/v2\/users\/674"}],"replies":[{"embeddable":true,"href":"https:\/\/bryndum-gruppe.dk\/index.php?rest_route=%2Fwp%2Fv2%2Fcomments&post=51"}],"version-history":[{"count":2,"href":"https:\/\/bryndum-gruppe.dk\/index.php?rest_route=\/wp\/v2\/pages\/51\/revisions"}],"predecessor-version":[{"id":277,"href":"https:\/\/bryndum-gruppe.dk\/index.php?rest_route=\/wp\/v2\/pages\/51\/revisions\/277"}],"up":[{"embeddable":true,"href":"https:\/\/bryndum-gruppe.dk\/index.php?rest_route=\/wp\/v2\/pages\/49"}],"wp:attachment":[{"href":"https:\/\/bryndum-gruppe.dk\/index.php?rest_route=%2Fwp%2Fv2%2Fmedia&parent=51"}],"curies":[{"name":"wp","href":"https:\/\/api.w.org\/{rel}","templated":true}]}}