



{"id":113,"date":"2023-09-26T18:08:21","date_gmt":"2023-09-26T16:08:21","guid":{"rendered":"https:\/\/bryndum-gruppe.dk\/?page_id=113"},"modified":"2025-08-14T12:35:20","modified_gmt":"2025-08-14T10:35:20","slug":"senior","status":"publish","type":"page","link":"https:\/\/bryndum-gruppe.dk\/?page_id=113","title":{"rendered":"Senior 9. klasse til 17 \u00e5r."},"content":{"rendered":"\n<p>Seniorspejder er for dig, der g\u00e5r i 9. klasse og frem til du er 17 \u00e5r.<\/p>\n\n\n\n<p><strong>Tidspunkt:<\/strong> Onsdag 18:30 til 20:00<\/p>\n\n\n\n<p><strong>Kontakperson:<\/strong> Christian +45 2758 2466<br><br>Som senior f\u00e5r du masser af nye muligheder. Der bliver sat store forventninger, og man f\u00e5r ansvaret for at afholde sine egne m\u00f8der med hj\u00e6lp fra lederne. Man s\u00e6tter sine egne m\u00e5l og arbejder for at opn\u00e5 dem.<\/p>\n\n\n\n<p>Som seniorspejder er man ogs\u00e5 gammel nok til at blive leder for en yngre enhed og til at tage p\u00e5 de fleste kurser.&nbsp;<\/p>\n\n\n\n<h4 class=\"wp-block-heading\">Spejderl\u00f8ftet<\/h4>\n\n\n\n<ul class=\"wp-block-list\">\n<li>Jeg lover at g\u00f8re mit bedste for at lytte til Guds ord, holde spejderloven og hver dag g\u00f8re noget for at gl\u00e6de andre.<\/li>\n<\/ul>\n\n\n\n<h4 class=\"wp-block-heading\">Spejderloven<\/h4>\n\n\n\n<p>En spejder:<\/p>\n\n\n\n<ul class=\"wp-block-list\">\n<li>lytter til Guds ord<\/li>\n\n\n\n<li>er hj\u00e6lpsom<\/li>\n\n\n\n<li>respekterer andre<\/li>\n\n\n\n<li>v\u00e6rner naturen<\/li>\n\n\n\n<li>er til at stole p\u00e5<\/li>\n\n\n\n<li>tager medansvar<\/li>\n\n\n\n<li>finder sin egen mening<\/li>\n<\/ul>\n","protected":false},"excerpt":{"rendered":"<p>Seniorspejder er for dig, der g\u00e5r i 9. klasse og frem til du er 17 \u00e5r. Tidspunkt: Onsdag 18:30 til..<\/p>\n","protected":false},"author":674,"featured_media":0,"parent":38,"menu_order":6,"comment_status":"closed","ping_status":"closed","template":"template\/template_enhed.php","meta":{"ngg_post_thumbnail":0,"footnotes":""},"class_list":["post-113","page","type-page","status-publish","hentry"],"publishpress_future_action":{"enabled":false,"date":"2026-05-01 08:51:20","action":"change-status","newStatus":"draft","terms":[],"taxonomy":"","extraData":[]},"publishpress_future_workflow_manual_trigger":{"enabledWorkflows":[]},"_links":{"self":[{"href":"https:\/\/bryndum-gruppe.dk\/index.php?rest_route=\/wp\/v2\/pages\/113","targetHints":{"allow":["GET"]}}],"collection":[{"href":"https:\/\/bryndum-gruppe.dk\/index.php?rest_route=\/wp\/v2\/pages"}],"about":[{"href":"https:\/\/bryndum-gruppe.dk\/index.php?rest_route=\/wp\/v2\/types\/page"}],"author":[{"embeddable":true,"href":"https:\/\/bryndum-gruppe.dk\/index.php?rest_route=\/wp\/v2\/users\/674"}],"replies":[{"embeddable":true,"href":"https:\/\/bryndum-gruppe.dk\/index.php?rest_route=%2Fwp%2Fv2%2Fcomments&post=113"}],"version-history":[{"count":6,"href":"https:\/\/bryndum-gruppe.dk\/index.php?rest_route=\/wp\/v2\/pages\/113\/revisions"}],"predecessor-version":[{"id":351,"href":"https:\/\/bryndum-gruppe.dk\/index.php?rest_route=\/wp\/v2\/pages\/113\/revisions\/351"}],"up":[{"embeddable":true,"href":"https:\/\/bryndum-gruppe.dk\/index.php?rest_route=\/wp\/v2\/pages\/38"}],"wp:attachment":[{"href":"https:\/\/bryndum-gruppe.dk\/index.php?rest_route=%2Fwp%2Fv2%2Fmedia&parent=113"}],"curies":[{"name":"wp","href":"https:\/\/api.w.org\/{rel}","templated":true}]}}